{"id":2022,"date":"2025-02-04T18:22:43","date_gmt":"2025-02-04T18:22:43","guid":{"rendered":"https:\/\/sollsolutions.com\/?page_id=2022"},"modified":"2026-02-16T11:37:34","modified_gmt":"2026-02-16T17:37:34","slug":"contact-us","status":"publish","type":"page","link":"https:\/\/sollsolutions.com\/fr\/contact-us\/","title":{"rendered":"Contactez-nous"},"content":{"rendered":"<div data-elementor-type=\"wp-page\" data-elementor-id=\"2022\" class=\"elementor elementor-2022\" data-elementor-settings=\"{&quot;ha_cmc_init_switcher&quot;:&quot;no&quot;}\">\n\t\t\t\t<div class=\"elementor-element elementor-element-0e42a26 twbb_section e-flex e-con-boxed wpr-particle-no wpr-jarallax-no wpr-parallax-no wpr-sticky-section-no e-con e-parent\" data-id=\"0e42a26\" data-element_type=\"container\" data-settings=\"{&quot;_ha_eqh_enable&quot;:false}\">\n\t\t\t\t\t<div class=\"e-con-inner\">\n\t\t\t\t<div class=\"elementor-element elementor-element-6c65af1 elementor-widget__width-initial elementor-widget-mobile__width-inherit elementor-widget-tablet__width-initial elementor-invisible elementor-widget elementor-widget-heading\" data-id=\"6c65af1\" data-element_type=\"widget\" data-settings=\"{&quot;_animation&quot;:&quot;fadeInUp&quot;}\" data-widget_type=\"heading.default\">\n\t\t\t\t<div class=\"elementor-widget-container\">\n\t\t\t\t\t<h2 class=\"elementor-heading-title elementor-size-default\"><a href=\"https:\/\/sollsolutions.com\/fr\/custom-cabinetry-austin-texas\/\">Contactez-nous<\/a><\/h2>\t\t\t\t<\/div>\n\t\t\t\t<\/div>\n\t\t\t\t<div class=\"elementor-element elementor-element-2d4f029 elementor-widget__width-initial elementor-widget-mobile__width-inherit elementor-widget-tablet__width-initial elementor-invisible elementor-widget elementor-widget-text-editor\" data-id=\"2d4f029\" data-element_type=\"widget\" data-settings=\"{&quot;_animation&quot;:&quot;fadeInUp&quot;}\" data-widget_type=\"text-editor.default\">\n\t\t\t\t<div class=\"elementor-widget-container\">\n\t\t\t\t\t\t\t\t\tNous serions ravis d'avoir de vos nouvelles concernant votre projet !\t\t\t\t\t\t\t\t<\/div>\n\t\t\t\t<\/div>\n\t\t\t\t\t<\/div>\n\t\t\t\t<\/div>\n\t\t<div class=\"elementor-element elementor-element-3i3hpabe twbb_section twbb_cta_27 e-flex e-con-boxed wpr-particle-no wpr-jarallax-no wpr-parallax-no wpr-sticky-section-no e-con e-parent\" data-id=\"3i3hpabe\" data-element_type=\"container\" id=\"cta\" data-settings=\"{&quot;background_background&quot;:&quot;classic&quot;,&quot;background_motion_fx_motion_fx_scrolling&quot;:&quot;yes&quot;,&quot;background_motion_fx_scale_effect&quot;:&quot;yes&quot;,&quot;background_motion_fx_scale_speed&quot;:{&quot;unit&quot;:&quot;px&quot;,&quot;size&quot;:7,&quot;sizes&quot;:[]},&quot;background_motion_fx_scale_direction&quot;:&quot;out-in&quot;,&quot;background_motion_fx_scale_range&quot;:{&quot;unit&quot;:&quot;%&quot;,&quot;size&quot;:&quot;&quot;,&quot;sizes&quot;:{&quot;start&quot;:20,&quot;end&quot;:80}},&quot;background_motion_fx_devices&quot;:[&quot;desktop&quot;,&quot;tablet&quot;,&quot;mobile&quot;],&quot;_ha_eqh_enable&quot;:false}\">\n\t\t\t\t\t<div class=\"e-con-inner\">\n\t\t\t\t<div class=\"elementor-element elementor-element-gofz846t elementor-widget__width-initial elementor-widget-mobile__width-inherit elementor-widget-tablet__width-inherit twbb_cta-button-wrapper-center twbb_cta-valign-align-top twbb_cta-button-wrapper-center twbb_cta-button-wrapper-center twbb_cta-position-button-bottom twbb_cta-tablet-position-button-bottom twbb_cta-mobile-position-button-bottom elementor-invisible elementor-widget elementor-widget-twbb_call-to-action\" data-id=\"gofz846t\" data-element_type=\"widget\" data-settings=\"{&quot;_animation&quot;:&quot;fadeInUp&quot;}\" data-widget_type=\"twbb_call-to-action.default\">\n\t\t\t\t<div class=\"elementor-widget-container\">\n\t\t\t\t\t    <div  class=\"twbb_cta-wrapper\">\n      <div class=\"twbb_cta-content-wrapper\">\n    <div class=\"twbb_cta-content-inner\">\n                <h1 class=\"twbb_cta-title\">Transformez votre espace d\u00e8s aujourd'hui<\/h1>\n                    <div class=\"twbb_cta-description\">\u00c9levez votre maison avec nos armoires et travaux de menuiserie sur mesure. Laissez-nous donner vie \u00e0 votre vision gr\u00e2ce \u00e0 notre savoir-faire expert et notre souci du d\u00e9tail.<\/div>\n              <\/div>\n    <div class=\"twbb_cta-button-wrapper\">\n        <div class=\"twbb_cta-buttons\">\n              <div class=\"twbb_cta-button-item twbb_cta-button-item__one twbb_cta-button-enable-yes\">\n          <a href=\"https:\/\/sollsolutions.com\/fr\/start-a-project\/\" class=\"elementor-button twbb_cta-button elementor-size- twbb_cta-button__one\"            >Commencez votre projet<\/a>\n        <\/div>\n                        <\/div>\n    <\/div>\n  <\/div>\n        <\/div>\n\t\t\t\t<\/div>\n\t\t\t\t<\/div>\n\t\t\t\t\t<\/div>\n\t\t\t\t<\/div>\n\t\t<div class=\"elementor-element elementor-element-2841da4f twbb_section e-flex e-con-boxed wpr-particle-no wpr-jarallax-no wpr-parallax-no wpr-sticky-section-no e-con e-parent\" data-id=\"2841da4f\" data-element_type=\"container\" data-settings=\"{&quot;background_background&quot;:&quot;classic&quot;,&quot;_ha_eqh_enable&quot;:false}\">\n\t\t\t\t\t<div class=\"e-con-inner\">\n\t\t\t\t<div class=\"elementor-element elementor-element-27ebc832 elementor-button-align-stretch elementor-widget elementor-widget-twbb_form\" data-id=\"27ebc832\" data-element_type=\"widget\" data-settings=\"{&quot;step_next_label&quot;:&quot;Next&quot;,&quot;step_previous_label&quot;:&quot;Previous&quot;,&quot;button_width&quot;:&quot;100&quot;,&quot;step_type&quot;:&quot;number_text&quot;,&quot;step_icon_shape&quot;:&quot;circle&quot;}\" data-widget_type=\"twbb_form.default\">\n\t\t\t\t<div class=\"elementor-widget-container\">\n\t\t\t\t\t\t\t<form class=\"elementor-form\" method=\"post\" action=\"\" >\n\t\t\t<input type=\"hidden\" name=\"post_id\" value=\"2022\"\/>\n\t\t\t<input type=\"hidden\" name=\"form_id\" value=\"27ebc832\"\/>\n\t\t\t<input type=\"hidden\" name=\"referer_title\" value=\"Soll Solutions\" \/>\n\n\t\t\t\n\t\t\t<div class=\"elementor-form-fields-wrapper elementor-labels-above\">\n\t\t\t\t          <div class=\"elementor-form-title-description-wrapper elementor-field-group elementor-column elementor-col-100 elementor-widget-wrap elementor-widget-heading\">\n                      <\/div>\n          \t\t\t\t<div class=\"elementor-field-type-text elementor-field-group elementor-column elementor-field-group-name elementor-col-100 elementor-field-required\">\n\t\t\t\t\t\t\t\t\t\t\t\t<label for=\"form-field-name\" class=\"elementor-field-label\">\n\t\t\t\t\t\t\t\tNom\t\t\t\t\t\t\t<\/label>\n\t\t\t\t\t\t\t\t\t\t\t\t\t\t<input size=\"1\" type=\"text\" name=\"form_fields[name]\" id=\"form-field-name\" class=\"elementor-field elementor-size-md  elementor-field-textual\" placeholder=\"Entrez votre nom\" required=\"required\" aria-required=\"true\">\n\t\t\t\t\t\t\t\t\t\t\t<\/div>\n\t\t\t\t\t\t\t\t<div class=\"elementor-field-type-email elementor-field-group elementor-column elementor-field-group-email elementor-col-100 elementor-field-required\">\n\t\t\t\t\t\t\t\t\t\t\t\t<label for=\"form-field-email\" class=\"elementor-field-label\">\n\t\t\t\t\t\t\t\tE-mail\t\t\t\t\t\t\t<\/label>\n\t\t\t\t\t\t\t\t\t\t\t\t\t\t<input size=\"1\" type=\"email\" name=\"form_fields[email]\" id=\"form-field-email\" class=\"elementor-field elementor-size-md  elementor-field-textual\" placeholder=\"Entrez votre e-mail\" required=\"required\" aria-required=\"true\">\n\t\t\t\t\t\t\t\t\t\t\t<\/div>\n\t\t\t\t\t\t\t\t<div class=\"elementor-field-type-textarea elementor-field-group elementor-column elementor-field-group-message elementor-col-100 elementor-field-required\">\n\t\t\t\t\t\t\t\t\t\t\t\t<label for=\"form-field-message\" class=\"elementor-field-label\">\n\t\t\t\t\t\t\t\tMessage\t\t\t\t\t\t\t<\/label>\n\t\t\t\t\t\t<textarea class=\"elementor-field-textual elementor-field  elementor-size-md\" name=\"form_fields[message]\" id=\"form-field-message\" rows=\"4\" placeholder=\"Veuillez entrer tous les autres d\u00e9tails concernant votre projet.\" required=\"required\" aria-required=\"true\"><\/textarea>\t\t\t\t<\/div>\n\t\t\t\t\t\t\t\t<div class=\"elementor-field-group elementor-column elementor-field-type-submit elementor-col-100 e-form__buttons\">\n\t\t\t\t\t<button type=\"submit\" class=\"elementor-button\">\n\t\t\t\t\t\t<span >\n\t\t\t\t\t\t\t\t\t\t\t\t\t\t\t<span class=\"elementor-button-icon\">\n\t\t\t\t\t\t\t\t\t\t\t\t\t\t\t\t\t\t\t\t\t\t\t\t\t\t<\/span>\n\t\t\t\t\t\t\t\t\t\t\t\t\t\t\t\t\t\t\t\t\t\t<span class=\"elementor-button-text\">Soumettre<\/span>\n\t\t\t\t\t\t\t\t\t\t\t\t\t<\/span>\n\t\t\t\t\t<\/button>\n          <button type=\"reset\" class=\"elementor-button elementor-hidden\">\n\t\t\t\t\t\t<span >\n\t\t\t\t\t\t\t              \t\t\t\t\t\t<\/span>\n          <\/button>\n\t\t\t\t<\/div>\n            \t\t\t<\/div>\n\t\t<input type=\"hidden\" name=\"trp-form-language\" value=\"fr\"\/><\/form>\n\t\t\t\t\t\t<\/div>\n\t\t\t\t<\/div>\n\t\t\t\t\t<\/div>\n\t\t\t\t<\/div>\n\t\t<div class=\"elementor-element elementor-element-515a366 e-con-full e-flex wpr-particle-no wpr-jarallax-no wpr-parallax-no wpr-sticky-section-no e-con e-parent\" data-id=\"515a366\" data-element_type=\"container\" data-settings=\"{&quot;_ha_eqh_enable&quot;:false}\">\n\t\t\t\t<div class=\"elementor-element elementor-element-7e065ca8 elementor-widget__width-initial elementor-widget-mobile__width-inherit elementor-widget-tablet__width-initial elementor-widget elementor-widget-google_maps\" data-id=\"7e065ca8\" data-element_type=\"widget\" data-widget_type=\"google_maps.default\">\n\t\t\t\t<div class=\"elementor-widget-container\">\n\t\t\t\t\t\t\t<div class=\"elementor-custom-embed\">\n\t\t\t<iframe loading=\"lazy\"\n\t\t\t\t\tsrc=\"https:\/\/maps.google.com\/maps?q=5554%20Rue%20Cypihot%2C%20Montr%C3%A9al%2C%20QC%20H4S%201V7&#038;t=m&#038;z=12&#038;output=embed&#038;iwloc=near\"\n\t\t\t\t\ttitle=\"5554 Rue Cypihot, Montr\u00e9al, QC H4S 1V7\"\n\t\t\t\t\taria-label=\"5554 Rue Cypihot, Montr\u00e9al, QC H4S 1V7\"\n\t\t\t><\/iframe>\n\t\t<\/div>\n\t\t\t\t\t\t<\/div>\n\t\t\t\t<\/div>\n\t\t\t\t<\/div>\n\t\t\t\t<\/div>","protected":false},"excerpt":{"rendered":"<p>Get in Touch We&#8217;d love to hear from you about your project! Transform Your Space Today Elevate your home with our custom cabinetry and woodwork. Let us bring your vision to life with our expert craftsmanship and attention to detail. Start your project<\/p>","protected":false},"author":3,"featured_media":0,"parent":0,"menu_order":0,"comment_status":"closed","ping_status":"closed","template":"elementor_header_footer","meta":{"two_page_speed":[],"footnotes":""},"class_list":["post-2022","page","type-page","status-publish","hentry"],"yoast_head":"<!-- This site is optimized with the Yoast SEO plugin v24.8.1 - https:\/\/yoast.com\/wordpress\/plugins\/seo\/ -->\n<title>Contact us - Soll Solutions<\/title>\n<meta name=\"robots\" content=\"index, follow, max-snippet:-1, max-image-preview:large, max-video-preview:-1\" \/>\n<link rel=\"canonical\" href=\"https:\/\/sollsolutions.com\/fr\/contact-us\/\" \/>\n<meta property=\"og:locale\" content=\"fr_CA\" \/>\n<meta property=\"og:type\" content=\"article\" \/>\n<meta property=\"og:title\" content=\"Contact us - Soll Solutions\" \/>\n<meta property=\"og:description\" content=\"Get in Touch We&#8217;d love to hear from you about your project! Transform Your Space Today Elevate your home with our custom cabinetry and woodwork. Let us bring your vision to life with our expert craftsmanship and attention to detail. Start your project\" \/>\n<meta property=\"og:url\" content=\"https:\/\/sollsolutions.com\/fr\/contact-us\/\" \/>\n<meta property=\"og:site_name\" content=\"Soll Solutions\" \/>\n<meta property=\"article:publisher\" content=\"https:\/\/www.facebook.com\/soll.solutions\/\" \/>\n<meta property=\"article:modified_time\" content=\"2026-02-16T17:37:34+00:00\" \/>\n<meta name=\"twitter:card\" content=\"summary_large_image\" \/>\n<meta name=\"twitter:site\" content=\"@SollSolutions\" \/>\n<meta name=\"twitter:label1\" content=\"Estimation du temps de lecture\" \/>\n\t<meta name=\"twitter:data1\" content=\"3 minutes\" \/>\n<script type=\"application\/ld+json\" class=\"yoast-schema-graph\">{\"@context\":\"https:\/\/schema.org\",\"@graph\":[{\"@type\":\"WebPage\",\"@id\":\"https:\/\/sollsolutions.com\/contact-us\/\",\"url\":\"https:\/\/sollsolutions.com\/contact-us\/\",\"name\":\"Contact us - Soll Solutions\",\"isPartOf\":{\"@id\":\"https:\/\/sollsolutions.com\/#website\"},\"datePublished\":\"2025-02-04T18:22:43+00:00\",\"dateModified\":\"2026-02-16T17:37:34+00:00\",\"breadcrumb\":{\"@id\":\"https:\/\/sollsolutions.com\/contact-us\/#breadcrumb\"},\"inLanguage\":\"fr-CA\",\"potentialAction\":[{\"@type\":\"ReadAction\",\"target\":[\"https:\/\/sollsolutions.com\/contact-us\/\"]}]},{\"@type\":\"BreadcrumbList\",\"@id\":\"https:\/\/sollsolutions.com\/contact-us\/#breadcrumb\",\"itemListElement\":[{\"@type\":\"ListItem\",\"position\":1,\"name\":\"Home\",\"item\":\"https:\/\/sollsolutions.com\/\"},{\"@type\":\"ListItem\",\"position\":2,\"name\":\"Contact us\"}]},{\"@type\":\"WebSite\",\"@id\":\"https:\/\/sollsolutions.com\/#website\",\"url\":\"https:\/\/sollsolutions.com\/\",\"name\":\"Soll Solutions\",\"description\":\"Luxury Cabinetry &amp; Woodwork\",\"publisher\":{\"@id\":\"https:\/\/sollsolutions.com\/#organization\"},\"potentialAction\":[{\"@type\":\"SearchAction\",\"target\":{\"@type\":\"EntryPoint\",\"urlTemplate\":\"https:\/\/sollsolutions.com\/?s={search_term_string}\"},\"query-input\":{\"@type\":\"PropertyValueSpecification\",\"valueRequired\":true,\"valueName\":\"search_term_string\"}}],\"inLanguage\":\"fr-CA\"},{\"@type\":\"Organization\",\"@id\":\"https:\/\/sollsolutions.com\/#organization\",\"name\":\"Soll Solutions\",\"url\":\"https:\/\/sollsolutions.com\/\",\"logo\":{\"@type\":\"ImageObject\",\"inLanguage\":\"fr-CA\",\"@id\":\"https:\/\/sollsolutions.com\/#\/schema\/logo\/image\/\",\"url\":\"https:\/\/sollsolutions.com\/wp-content\/uploads\/2024\/12\/16464848_386582965067597_8138373017672613888_a.jpg\",\"contentUrl\":\"https:\/\/sollsolutions.com\/wp-content\/uploads\/2024\/12\/16464848_386582965067597_8138373017672613888_a.jpg\",\"width\":1080,\"height\":1080,\"caption\":\"Soll Solutions\"},\"image\":{\"@id\":\"https:\/\/sollsolutions.com\/#\/schema\/logo\/image\/\"},\"sameAs\":[\"https:\/\/www.facebook.com\/soll.solutions\/\",\"https:\/\/x.com\/SollSolutions\",\"https:\/\/www.instagram.com\/soll.solutions\/\",\"https:\/\/ca.linkedin.com\/company\/soll.solutions-inc.\"]}]}<\/script>\n<!-- \/ Yoast SEO plugin. -->","yoast_head_json":{"title":"Contact us - Soll Solutions","robots":{"index":"index","follow":"follow","max-snippet":"max-snippet:-1","max-image-preview":"max-image-preview:large","max-video-preview":"max-video-preview:-1"},"canonical":"https:\/\/sollsolutions.com\/fr\/contact-us\/","og_locale":"fr_CA","og_type":"article","og_title":"Contact us - Soll Solutions","og_description":"Get in Touch We&#8217;d love to hear from you about your project! Transform Your Space Today Elevate your home with our custom cabinetry and woodwork. Let us bring your vision to life with our expert craftsmanship and attention to detail. Start your project","og_url":"https:\/\/sollsolutions.com\/fr\/contact-us\/","og_site_name":"Soll Solutions","article_publisher":"https:\/\/www.facebook.com\/soll.solutions\/","article_modified_time":"2026-02-16T17:37:34+00:00","twitter_card":"summary_large_image","twitter_site":"@SollSolutions","twitter_misc":{"Estimation du temps de lecture":"3 minutes"},"schema":{"@context":"https:\/\/schema.org","@graph":[{"@type":"WebPage","@id":"https:\/\/sollsolutions.com\/contact-us\/","url":"https:\/\/sollsolutions.com\/contact-us\/","name":"Contact us - Soll Solutions","isPartOf":{"@id":"https:\/\/sollsolutions.com\/#website"},"datePublished":"2025-02-04T18:22:43+00:00","dateModified":"2026-02-16T17:37:34+00:00","breadcrumb":{"@id":"https:\/\/sollsolutions.com\/contact-us\/#breadcrumb"},"inLanguage":"fr-CA","potentialAction":[{"@type":"ReadAction","target":["https:\/\/sollsolutions.com\/contact-us\/"]}]},{"@type":"BreadcrumbList","@id":"https:\/\/sollsolutions.com\/contact-us\/#breadcrumb","itemListElement":[{"@type":"ListItem","position":1,"name":"Home","item":"https:\/\/sollsolutions.com\/"},{"@type":"ListItem","position":2,"name":"Contact us"}]},{"@type":"WebSite","@id":"https:\/\/sollsolutions.com\/#website","url":"https:\/\/sollsolutions.com\/","name":"Soll Solutions","description":"Luxury Cabinetry &amp; Woodwork","publisher":{"@id":"https:\/\/sollsolutions.com\/#organization"},"potentialAction":[{"@type":"SearchAction","target":{"@type":"EntryPoint","urlTemplate":"https:\/\/sollsolutions.com\/?s={search_term_string}"},"query-input":{"@type":"PropertyValueSpecification","valueRequired":true,"valueName":"search_term_string"}}],"inLanguage":"fr-CA"},{"@type":"Organization","@id":"https:\/\/sollsolutions.com\/#organization","name":"Soll Solutions","url":"https:\/\/sollsolutions.com\/","logo":{"@type":"ImageObject","inLanguage":"fr-CA","@id":"https:\/\/sollsolutions.com\/#\/schema\/logo\/image\/","url":"https:\/\/sollsolutions.com\/wp-content\/uploads\/2024\/12\/16464848_386582965067597_8138373017672613888_a.jpg","contentUrl":"https:\/\/sollsolutions.com\/wp-content\/uploads\/2024\/12\/16464848_386582965067597_8138373017672613888_a.jpg","width":1080,"height":1080,"caption":"Soll Solutions"},"image":{"@id":"https:\/\/sollsolutions.com\/#\/schema\/logo\/image\/"},"sameAs":["https:\/\/www.facebook.com\/soll.solutions\/","https:\/\/x.com\/SollSolutions","https:\/\/www.instagram.com\/soll.solutions\/","https:\/\/ca.linkedin.com\/company\/soll.solutions-inc."]}]}},"_links":{"self":[{"href":"https:\/\/sollsolutions.com\/fr\/wp-json\/wp\/v2\/pages\/2022","targetHints":{"allow":["GET"]}}],"collection":[{"href":"https:\/\/sollsolutions.com\/fr\/wp-json\/wp\/v2\/pages"}],"about":[{"href":"https:\/\/sollsolutions.com\/fr\/wp-json\/wp\/v2\/types\/page"}],"author":[{"embeddable":true,"href":"https:\/\/sollsolutions.com\/fr\/wp-json\/wp\/v2\/users\/3"}],"replies":[{"embeddable":true,"href":"https:\/\/sollsolutions.com\/fr\/wp-json\/wp\/v2\/comments?post=2022"}],"version-history":[{"count":0,"href":"https:\/\/sollsolutions.com\/fr\/wp-json\/wp\/v2\/pages\/2022\/revisions"}],"wp:attachment":[{"href":"https:\/\/sollsolutions.com\/fr\/wp-json\/wp\/v2\/media?parent=2022"}],"curies":[{"name":"wp","href":"https:\/\/api.w.org\/{rel}","templated":true}]}}