{"id":836,"date":"2025-01-16T13:49:39","date_gmt":"2025-01-16T13:49:39","guid":{"rendered":"https:\/\/sollsolutions.com\/?page_id=836"},"modified":"2025-01-16T19:39:12","modified_gmt":"2025-01-16T19:39:12","slug":"kitchen-design1","status":"publish","type":"page","link":"https:\/\/sollsolutions.com\/fr\/kitchen-design1\/","title":{"rendered":"kitchen-design1"},"content":{"rendered":"<p><img fetchpriority=\"high\" decoding=\"async\" width=\"1856\" height=\"1238\" src=\"https:\/\/sollsolutions.com\/wp-content\/uploads\/2025\/01\/stylish-modern-kitchen-01.jpg\" alt=\"\" srcset=\"https:\/\/sollsolutions.com\/wp-content\/uploads\/2025\/01\/stylish-modern-kitchen-01.jpg 1856w, https:\/\/sollsolutions.com\/wp-content\/uploads\/2025\/01\/stylish-modern-kitchen-01-300x200.jpg 300w, https:\/\/sollsolutions.com\/wp-content\/uploads\/2025\/01\/stylish-modern-kitchen-01-1024x683.jpg 1024w, https:\/\/sollsolutions.com\/wp-content\/uploads\/2025\/01\/stylish-modern-kitchen-01-768x512.jpg 768w, https:\/\/sollsolutions.com\/wp-content\/uploads\/2025\/01\/stylish-modern-kitchen-01-1536x1025.jpg 1536w, https:\/\/sollsolutions.com\/wp-content\/uploads\/2025\/01\/stylish-modern-kitchen-01-600x400.jpg 600w\" sizes=\"(max-width: 1856px) 100vw, 1856px\" \/>\t\t\t\t\t\t\t\t\t\t\t\t\t\t\t<\/p>\n<h1>Project 11<\/h1>\n<p>D\u00e9couvrez l\u2019alliance parfaite entre \u00e9l\u00e9gance et praticit\u00e9 avec notre cuisine blanche sur mesure, con\u00e7ue pour s\u2019adapter \u00e0 votre style de vie et \u00e0 vos besoins culinaires.<\/p>\n<ul>\n<li>\n\t\t\t\t\t\t\t<svg aria-hidden=\"true\" viewbox=\"0 0 448 512\" xmlns=\"http:\/\/www.w3.org\/2000\/svg\"><path d=\"M440.667 182.109l7.143-40c1.313-7.355-4.342-14.109-11.813-14.109h-74.81l14.623-81.891C377.123 38.754 371.468 32 363.997 32h-40.632a12 12 0 0 0-11.813 9.891L296.175 128H197.54l14.623-81.891C213.477 38.754 207.822 32 200.35 32h-40.632a12 12 0 0 0-11.813 9.891L132.528 128H53.432a12 12 0 0 0-11.813 9.891l-7.143 40C33.163 185.246 38.818 192 46.289 192h74.81L98.242 320H19.146a12 12 0 0 0-11.813 9.891l-7.143 40C-1.123 377.246 4.532 384 12.003 384h74.81L72.19 465.891C70.877 473.246 76.532 480 84.003 480h40.632a12 12 0 0 0 11.813-9.891L151.826 384h98.634l-14.623 81.891C234.523 473.246 240.178 480 247.65 480h40.632a12 12 0 0 0 11.813-9.891L315.472 384h79.096a12 12 0 0 0 11.813-9.891l7.143-40c1.313-7.355-4.342-14.109-11.813-14.109h-74.81l22.857-128h79.096a12 12 0 0 0 11.813-9.891zM261.889 320h-98.634l22.857-128h98.634l-22.857 128z\"><\/path><\/svg><br \/>\n\t\t\t\t\t\t\t\t\t\t\u00c9tag\u00e8res sur mesure\n\t\t\t\t\t\t\t\t\t<\/li>\n<li>\n\t\t\t\t\t\t\t<svg aria-hidden=\"true\" viewbox=\"0 0 448 512\" xmlns=\"http:\/\/www.w3.org\/2000\/svg\"><path d=\"M440.667 182.109l7.143-40c1.313-7.355-4.342-14.109-11.813-14.109h-74.81l14.623-81.891C377.123 38.754 371.468 32 363.997 32h-40.632a12 12 0 0 0-11.813 9.891L296.175 128H197.54l14.623-81.891C213.477 38.754 207.822 32 200.35 32h-40.632a12 12 0 0 0-11.813 9.891L132.528 128H53.432a12 12 0 0 0-11.813 9.891l-7.143 40C33.163 185.246 38.818 192 46.289 192h74.81L98.242 320H19.146a12 12 0 0 0-11.813 9.891l-7.143 40C-1.123 377.246 4.532 384 12.003 384h74.81L72.19 465.891C70.877 473.246 76.532 480 84.003 480h40.632a12 12 0 0 0 11.813-9.891L151.826 384h98.634l-14.623 81.891C234.523 473.246 240.178 480 247.65 480h40.632a12 12 0 0 0 11.813-9.891L315.472 384h79.096a12 12 0 0 0 11.813-9.891l7.143-40c1.313-7.355-4.342-14.109-11.813-14.109h-74.81l22.857-128h79.096a12 12 0 0 0 11.813-9.891zM261.889 320h-98.634l22.857-128h98.634l-22.857 128z\"><\/path><\/svg><br \/>\n\t\t\t\t\t\t\t\t\t\tDesign de bureau unique\n\t\t\t\t\t\t\t\t\t<\/li>\n<li>\n\t\t\t\t\t\t\t<svg aria-hidden=\"true\" viewbox=\"0 0 448 512\" xmlns=\"http:\/\/www.w3.org\/2000\/svg\"><path d=\"M440.667 182.109l7.143-40c1.313-7.355-4.342-14.109-11.813-14.109h-74.81l14.623-81.891C377.123 38.754 371.468 32 363.997 32h-40.632a12 12 0 0 0-11.813 9.891L296.175 128H197.54l14.623-81.891C213.477 38.754 207.822 32 200.35 32h-40.632a12 12 0 0 0-11.813 9.891L132.528 128H53.432a12 12 0 0 0-11.813 9.891l-7.143 40C33.163 185.246 38.818 192 46.289 192h74.81L98.242 320H19.146a12 12 0 0 0-11.813 9.891l-7.143 40C-1.123 377.246 4.532 384 12.003 384h74.81L72.19 465.891C70.877 473.246 76.532 480 84.003 480h40.632a12 12 0 0 0 11.813-9.891L151.826 384h98.634l-14.623 81.891C234.523 473.246 240.178 480 247.65 480h40.632a12 12 0 0 0 11.813-9.891L315.472 384h79.096a12 12 0 0 0 11.813-9.891l7.143-40c1.313-7.355-4.342-14.109-11.813-14.109h-74.81l22.857-128h79.096a12 12 0 0 0 11.813-9.891zM261.889 320h-98.634l22.857-128h98.634l-22.857 128z\"><\/path><\/svg><br \/>\n\t\t\t\t\t\t\t\t\t\tAgencement fonctionnel\n\t\t\t\t\t\t\t\t\t<\/li>\n<\/ul>\n<h5>Features<\/h5>\n<p>\t\tPersonnalis\u00e9\t\t<\/p>\n<h5>Conception<\/h5>\n<p>\t\tSur mesure\t\t<\/p>\n<h5>Savoir-faire<\/h5>\n<p>\t\tQuality\t\t<\/p>\n<h5>Style<\/h5>\n<p>\t\tPr\u00e9cision\t\t<\/p>\n<h2>Project 11<\/h2>\n<p>\t\tExplore our stunning collection of bespoke cabinetry and woodwork.<\/p>","protected":false},"excerpt":{"rendered":"<p>Project 11 Experience the perfect blend of elegance and practicality in our bespoke white kitchen design, tailored to complement your lifestyle and culinary needs. Custom Shelving Unique Desk Design Functional Layout Features Custom Design Tailored Craftsmanship Quality Style Precision Project 11 Explore our stunning collection of bespoke cabinetry and woodwork.<\/p>","protected":false},"author":2,"featured_media":0,"parent":0,"menu_order":0,"comment_status":"closed","ping_status":"closed","template":"","meta":{"two_page_speed":[],"footnotes":""},"class_list":["post-836","page","type-page","status-publish","hentry"],"yoast_head":"<!-- This site is optimized with the Yoast SEO plugin v24.8.1 - https:\/\/yoast.com\/wordpress\/plugins\/seo\/ -->\n<title>kitchen-design1 - Soll Solutions<\/title>\n<meta name=\"robots\" content=\"index, follow, max-snippet:-1, max-image-preview:large, max-video-preview:-1\" \/>\n<link rel=\"canonical\" href=\"https:\/\/sollsolutions.com\/fr\/kitchen-design1\/\" \/>\n<meta property=\"og:locale\" content=\"fr_CA\" \/>\n<meta property=\"og:type\" content=\"article\" \/>\n<meta property=\"og:title\" content=\"kitchen-design1 - Soll Solutions\" \/>\n<meta property=\"og:description\" content=\"Project 11 Experience the perfect blend of elegance and practicality in our bespoke white kitchen design, tailored to complement your lifestyle and culinary needs. Custom Shelving Unique Desk Design Functional Layout Features Custom Design Tailored Craftsmanship Quality Style Precision Project 11 Explore our stunning collection of bespoke cabinetry and woodwork.\" \/>\n<meta property=\"og:url\" content=\"https:\/\/sollsolutions.com\/fr\/kitchen-design1\/\" \/>\n<meta property=\"og:site_name\" content=\"Soll Solutions\" \/>\n<meta property=\"article:publisher\" content=\"https:\/\/www.facebook.com\/soll.solutions\/\" \/>\n<meta property=\"article:modified_time\" content=\"2025-01-16T19:39:12+00:00\" \/>\n<meta property=\"og:image\" content=\"https:\/\/sollsolutions.com\/wp-content\/uploads\/2025\/01\/stylish-modern-kitchen-01.jpg\" \/>\n<meta name=\"twitter:card\" content=\"summary_large_image\" \/>\n<meta name=\"twitter:site\" content=\"@SollSolutions\" \/>\n<script type=\"application\/ld+json\" class=\"yoast-schema-graph\">{\"@context\":\"https:\/\/schema.org\",\"@graph\":[{\"@type\":\"WebPage\",\"@id\":\"https:\/\/sollsolutions.com\/kitchen-design1\/\",\"url\":\"https:\/\/sollsolutions.com\/kitchen-design1\/\",\"name\":\"kitchen-design1 - Soll Solutions\",\"isPartOf\":{\"@id\":\"https:\/\/sollsolutions.com\/#website\"},\"primaryImageOfPage\":{\"@id\":\"https:\/\/sollsolutions.com\/kitchen-design1\/#primaryimage\"},\"image\":{\"@id\":\"https:\/\/sollsolutions.com\/kitchen-design1\/#primaryimage\"},\"thumbnailUrl\":\"https:\/\/sollsolutions.com\/wp-content\/uploads\/2025\/01\/stylish-modern-kitchen-01.jpg\",\"datePublished\":\"2025-01-16T13:49:39+00:00\",\"dateModified\":\"2025-01-16T19:39:12+00:00\",\"breadcrumb\":{\"@id\":\"https:\/\/sollsolutions.com\/kitchen-design1\/#breadcrumb\"},\"inLanguage\":\"fr-CA\",\"potentialAction\":[{\"@type\":\"ReadAction\",\"target\":[\"https:\/\/sollsolutions.com\/kitchen-design1\/\"]}]},{\"@type\":\"ImageObject\",\"inLanguage\":\"fr-CA\",\"@id\":\"https:\/\/sollsolutions.com\/kitchen-design1\/#primaryimage\",\"url\":\"https:\/\/sollsolutions.com\/wp-content\/uploads\/2025\/01\/stylish-modern-kitchen-01.jpg\",\"contentUrl\":\"https:\/\/sollsolutions.com\/wp-content\/uploads\/2025\/01\/stylish-modern-kitchen-01.jpg\"},{\"@type\":\"BreadcrumbList\",\"@id\":\"https:\/\/sollsolutions.com\/kitchen-design1\/#breadcrumb\",\"itemListElement\":[{\"@type\":\"ListItem\",\"position\":1,\"name\":\"Home\",\"item\":\"https:\/\/sollsolutions.com\/\"},{\"@type\":\"ListItem\",\"position\":2,\"name\":\"kitchen-design1\"}]},{\"@type\":\"WebSite\",\"@id\":\"https:\/\/sollsolutions.com\/#website\",\"url\":\"https:\/\/sollsolutions.com\/\",\"name\":\"Soll Solutions\",\"description\":\"Luxury Cabinetry &amp; Woodwork\",\"publisher\":{\"@id\":\"https:\/\/sollsolutions.com\/#organization\"},\"potentialAction\":[{\"@type\":\"SearchAction\",\"target\":{\"@type\":\"EntryPoint\",\"urlTemplate\":\"https:\/\/sollsolutions.com\/?s={search_term_string}\"},\"query-input\":{\"@type\":\"PropertyValueSpecification\",\"valueRequired\":true,\"valueName\":\"search_term_string\"}}],\"inLanguage\":\"fr-CA\"},{\"@type\":\"Organization\",\"@id\":\"https:\/\/sollsolutions.com\/#organization\",\"name\":\"Soll Solutions\",\"url\":\"https:\/\/sollsolutions.com\/\",\"logo\":{\"@type\":\"ImageObject\",\"inLanguage\":\"fr-CA\",\"@id\":\"https:\/\/sollsolutions.com\/#\/schema\/logo\/image\/\",\"url\":\"https:\/\/sollsolutions.com\/wp-content\/uploads\/2024\/12\/16464848_386582965067597_8138373017672613888_a.jpg\",\"contentUrl\":\"https:\/\/sollsolutions.com\/wp-content\/uploads\/2024\/12\/16464848_386582965067597_8138373017672613888_a.jpg\",\"width\":1080,\"height\":1080,\"caption\":\"Soll Solutions\"},\"image\":{\"@id\":\"https:\/\/sollsolutions.com\/#\/schema\/logo\/image\/\"},\"sameAs\":[\"https:\/\/www.facebook.com\/soll.solutions\/\",\"https:\/\/x.com\/SollSolutions\",\"https:\/\/www.instagram.com\/soll.solutions\/\",\"https:\/\/ca.linkedin.com\/company\/soll.solutions-inc.\"]}]}<\/script>\n<!-- \/ Yoast SEO plugin. -->","yoast_head_json":{"title":"kitchen-design1 - Soll Solutions","robots":{"index":"index","follow":"follow","max-snippet":"max-snippet:-1","max-image-preview":"max-image-preview:large","max-video-preview":"max-video-preview:-1"},"canonical":"https:\/\/sollsolutions.com\/fr\/kitchen-design1\/","og_locale":"fr_CA","og_type":"article","og_title":"kitchen-design1 - Soll Solutions","og_description":"Project 11 Experience the perfect blend of elegance and practicality in our bespoke white kitchen design, tailored to complement your lifestyle and culinary needs. Custom Shelving Unique Desk Design Functional Layout Features Custom Design Tailored Craftsmanship Quality Style Precision Project 11 Explore our stunning collection of bespoke cabinetry and woodwork.","og_url":"https:\/\/sollsolutions.com\/fr\/kitchen-design1\/","og_site_name":"Soll Solutions","article_publisher":"https:\/\/www.facebook.com\/soll.solutions\/","article_modified_time":"2025-01-16T19:39:12+00:00","og_image":[{"url":"https:\/\/sollsolutions.com\/wp-content\/uploads\/2025\/01\/stylish-modern-kitchen-01.jpg","type":"","width":"","height":""}],"twitter_card":"summary_large_image","twitter_site":"@SollSolutions","schema":{"@context":"https:\/\/schema.org","@graph":[{"@type":"WebPage","@id":"https:\/\/sollsolutions.com\/kitchen-design1\/","url":"https:\/\/sollsolutions.com\/kitchen-design1\/","name":"kitchen-design1 - Soll Solutions","isPartOf":{"@id":"https:\/\/sollsolutions.com\/#website"},"primaryImageOfPage":{"@id":"https:\/\/sollsolutions.com\/kitchen-design1\/#primaryimage"},"image":{"@id":"https:\/\/sollsolutions.com\/kitchen-design1\/#primaryimage"},"thumbnailUrl":"https:\/\/sollsolutions.com\/wp-content\/uploads\/2025\/01\/stylish-modern-kitchen-01.jpg","datePublished":"2025-01-16T13:49:39+00:00","dateModified":"2025-01-16T19:39:12+00:00","breadcrumb":{"@id":"https:\/\/sollsolutions.com\/kitchen-design1\/#breadcrumb"},"inLanguage":"fr-CA","potentialAction":[{"@type":"ReadAction","target":["https:\/\/sollsolutions.com\/kitchen-design1\/"]}]},{"@type":"ImageObject","inLanguage":"fr-CA","@id":"https:\/\/sollsolutions.com\/kitchen-design1\/#primaryimage","url":"https:\/\/sollsolutions.com\/wp-content\/uploads\/2025\/01\/stylish-modern-kitchen-01.jpg","contentUrl":"https:\/\/sollsolutions.com\/wp-content\/uploads\/2025\/01\/stylish-modern-kitchen-01.jpg"},{"@type":"BreadcrumbList","@id":"https:\/\/sollsolutions.com\/kitchen-design1\/#breadcrumb","itemListElement":[{"@type":"ListItem","position":1,"name":"Home","item":"https:\/\/sollsolutions.com\/"},{"@type":"ListItem","position":2,"name":"kitchen-design1"}]},{"@type":"WebSite","@id":"https:\/\/sollsolutions.com\/#website","url":"https:\/\/sollsolutions.com\/","name":"Soll Solutions","description":"Luxury Cabinetry &amp; Woodwork","publisher":{"@id":"https:\/\/sollsolutions.com\/#organization"},"potentialAction":[{"@type":"SearchAction","target":{"@type":"EntryPoint","urlTemplate":"https:\/\/sollsolutions.com\/?s={search_term_string}"},"query-input":{"@type":"PropertyValueSpecification","valueRequired":true,"valueName":"search_term_string"}}],"inLanguage":"fr-CA"},{"@type":"Organization","@id":"https:\/\/sollsolutions.com\/#organization","name":"Soll Solutions","url":"https:\/\/sollsolutions.com\/","logo":{"@type":"ImageObject","inLanguage":"fr-CA","@id":"https:\/\/sollsolutions.com\/#\/schema\/logo\/image\/","url":"https:\/\/sollsolutions.com\/wp-content\/uploads\/2024\/12\/16464848_386582965067597_8138373017672613888_a.jpg","contentUrl":"https:\/\/sollsolutions.com\/wp-content\/uploads\/2024\/12\/16464848_386582965067597_8138373017672613888_a.jpg","width":1080,"height":1080,"caption":"Soll Solutions"},"image":{"@id":"https:\/\/sollsolutions.com\/#\/schema\/logo\/image\/"},"sameAs":["https:\/\/www.facebook.com\/soll.solutions\/","https:\/\/x.com\/SollSolutions","https:\/\/www.instagram.com\/soll.solutions\/","https:\/\/ca.linkedin.com\/company\/soll.solutions-inc."]}]}},"_links":{"self":[{"href":"https:\/\/sollsolutions.com\/fr\/wp-json\/wp\/v2\/pages\/836","targetHints":{"allow":["GET"]}}],"collection":[{"href":"https:\/\/sollsolutions.com\/fr\/wp-json\/wp\/v2\/pages"}],"about":[{"href":"https:\/\/sollsolutions.com\/fr\/wp-json\/wp\/v2\/types\/page"}],"author":[{"embeddable":true,"href":"https:\/\/sollsolutions.com\/fr\/wp-json\/wp\/v2\/users\/2"}],"replies":[{"embeddable":true,"href":"https:\/\/sollsolutions.com\/fr\/wp-json\/wp\/v2\/comments?post=836"}],"version-history":[{"count":0,"href":"https:\/\/sollsolutions.com\/fr\/wp-json\/wp\/v2\/pages\/836\/revisions"}],"wp:attachment":[{"href":"https:\/\/sollsolutions.com\/fr\/wp-json\/wp\/v2\/media?parent=836"}],"curies":[{"name":"wp","href":"https:\/\/api.w.org\/{rel}","templated":true}]}}